{"id":1103,"date":"2026-02-06T11:05:11","date_gmt":"2026-02-06T10:05:11","guid":{"rendered":"https:\/\/aurart.org\/?post_type=product&#038;p=1103"},"modified":"2026-02-06T11:05:11","modified_gmt":"2026-02-06T10:05:11","slug":"prevenda-caixa-del-temps-que-son-les-cultures-iberiques","status":"publish","type":"product","link":"https:\/\/aurart.org\/es\/producto\/prevenda-caixa-del-temps-que-son-les-cultures-iberiques\/","title":{"rendered":"Prevenda: Caixa del Temps \u00abQu\u00e8 s\u00f3n les Cultures Ib\u00e8riques\u00bb?"},"content":{"rendered":"<p>Caixa introducci\u00f3 a les Cultures Ib\u00e8riques i a l&#8217;arqueologia com a font d&#8217;informaci\u00f3.<\/p>\n<p>Cont\u00e9:<\/p>\n<ul>\n<li>Fitxa de treball: l\u00ednia del temps. Amb QR a mini videos de l&#8217;arque\u00f2leg David Garcia Rubert.<\/li>\n<li>Adhesius per a construir la l\u00ednia del temps.<\/li>\n<li>Fitxa de treball sobre l&#8217;arqueologia. Amb QR a gamificacions digitals.<\/li>\n<\/ul>\n","protected":false},"excerpt":{"rendered":"<p>Caixa introducci\u00f3 a les Cultures Ib\u00e8riques i a l&#8217;arqueologia com a font d&#8217;informaci\u00f3.<\/p>\n<p>Cont\u00e9:<\/p>\n<ul>\n<li>Fitxa de treball: l\u00ednia del temps. Amb QR a mini videos de l&#8217;arque\u00f2leg David Garcia Rubert.<\/li>\n<li>Adhesius per a construir la l\u00ednia del temps.<\/li>\n<li>Fitxa de treball sobre l&#8217;arqueologia. Amb QR a gamificacions digitals.<\/li>\n<\/ul>\n","protected":false},"featured_media":1104,"template":"","meta":{"_et_pb_use_builder":"","_et_pb_old_content":"","_et_gb_content_width":""},"product_brand":[],"product_cat":[77],"product_tag":[],"class_list":{"0":"post-1103","1":"product","2":"type-product","3":"status-publish","4":"has-post-thumbnail","6":"product_cat-caixes-del-temps","8":"first","9":"instock","10":"virtual","11":"purchasable","12":"product-type-simple"},"jetpack_sharing_enabled":true,"_links":{"self":[{"href":"https:\/\/aurart.org\/es\/wp-json\/wp\/v2\/product\/1103","targetHints":{"allow":["GET"]}}],"collection":[{"href":"https:\/\/aurart.org\/es\/wp-json\/wp\/v2\/product"}],"about":[{"href":"https:\/\/aurart.org\/es\/wp-json\/wp\/v2\/types\/product"}],"wp:featuredmedia":[{"embeddable":true,"href":"https:\/\/aurart.org\/es\/wp-json\/wp\/v2\/media\/1104"}],"wp:attachment":[{"href":"https:\/\/aurart.org\/es\/wp-json\/wp\/v2\/media?parent=1103"}],"wp:term":[{"taxonomy":"product_brand","embeddable":true,"href":"https:\/\/aurart.org\/es\/wp-json\/wp\/v2\/product_brand?post=1103"},{"taxonomy":"product_cat","embeddable":true,"href":"https:\/\/aurart.org\/es\/wp-json\/wp\/v2\/product_cat?post=1103"},{"taxonomy":"product_tag","embeddable":true,"href":"https:\/\/aurart.org\/es\/wp-json\/wp\/v2\/product_tag?post=1103"}],"curies":[{"name":"wp","href":"https:\/\/api.w.org\/{rel}","templated":true}]}}