{"id":1106,"date":"2026-02-06T11:12:18","date_gmt":"2026-02-06T10:12:18","guid":{"rendered":"https:\/\/aurart.org\/?post_type=product&#038;p=1106"},"modified":"2026-02-06T11:12:18","modified_gmt":"2026-02-06T10:12:18","slug":"prevenda-caixa-del-temps-els-teixits","status":"publish","type":"product","link":"https:\/\/aurart.org\/es\/producto\/prevenda-caixa-del-temps-els-teixits\/","title":{"rendered":"Prevenda: Caixa del Temps \u00abEls teixits\u00bb"},"content":{"rendered":"<p>Aquesta Caixa del Temps en ajudar\u00e0 a comprendre les t\u00e8cniques t\u00e8xtils a l&#8217;Edat del Ferro a trav\u00e9s de l&#8217;arqueologia i l&#8217;experimentaci\u00f3 amb materials.<\/p>\n<p>La caixa inclou:<\/p>\n<p>Fitxes de treball amb QR a videos i altres recursos audiovisuals.<\/p>\n<p>Teler de marc<\/p>\n<p>Argila<\/p>\n<p>Vareta per a fus<\/p>\n<p>Llana<\/p>\n<p>Cartes d&#8217;objectes arqueol\u00f2gics<\/p>\n","protected":false},"excerpt":{"rendered":"<p>Aquesta Caixa del Temps en ajudar\u00e0 a comprendre les t\u00e8cniques t\u00e8xtils a l&#8217;Edat del Ferro a trav\u00e9s de l&#8217;arqueologia i l&#8217;experimentaci\u00f3 amb materials.<\/p>\n<p>La caixa inclou:<\/p>\n<p>Fitxes de treball amb QR a videos i altres recursos audiovisuals.<\/p>\n<p>Teler de marc<\/p>\n<p>Argila<\/p>\n<p>Vareta per a fus<\/p>\n<p>Llana<\/p>\n<p>Cartes d&#8217;objectes arqueol\u00f2gics<\/p>\n","protected":false},"featured_media":1107,"template":"","meta":{"_et_pb_use_builder":"","_et_pb_old_content":"","_et_gb_content_width":""},"product_brand":[],"product_cat":[77],"product_tag":[],"class_list":{"0":"post-1106","1":"product","2":"type-product","3":"status-publish","4":"has-post-thumbnail","6":"product_cat-caixes-del-temps","8":"first","9":"instock","10":"virtual","11":"purchasable","12":"product-type-simple"},"jetpack_sharing_enabled":true,"_links":{"self":[{"href":"https:\/\/aurart.org\/es\/wp-json\/wp\/v2\/product\/1106","targetHints":{"allow":["GET"]}}],"collection":[{"href":"https:\/\/aurart.org\/es\/wp-json\/wp\/v2\/product"}],"about":[{"href":"https:\/\/aurart.org\/es\/wp-json\/wp\/v2\/types\/product"}],"wp:featuredmedia":[{"embeddable":true,"href":"https:\/\/aurart.org\/es\/wp-json\/wp\/v2\/media\/1107"}],"wp:attachment":[{"href":"https:\/\/aurart.org\/es\/wp-json\/wp\/v2\/media?parent=1106"}],"wp:term":[{"taxonomy":"product_brand","embeddable":true,"href":"https:\/\/aurart.org\/es\/wp-json\/wp\/v2\/product_brand?post=1106"},{"taxonomy":"product_cat","embeddable":true,"href":"https:\/\/aurart.org\/es\/wp-json\/wp\/v2\/product_cat?post=1106"},{"taxonomy":"product_tag","embeddable":true,"href":"https:\/\/aurart.org\/es\/wp-json\/wp\/v2\/product_tag?post=1106"}],"curies":[{"name":"wp","href":"https:\/\/api.w.org\/{rel}","templated":true}]}}