{"id":1113,"date":"2026-02-06T11:19:00","date_gmt":"2026-02-06T10:19:00","guid":{"rendered":"https:\/\/aurart.org\/?post_type=product&#038;p=1113"},"modified":"2026-02-06T11:19:00","modified_gmt":"2026-02-06T10:19:00","slug":"prevenda-pack-que-son-les-cultures-iberiques-els-teixits","status":"publish","type":"product","link":"https:\/\/aurart.org\/es\/producto\/prevenda-pack-que-son-les-cultures-iberiques-els-teixits\/","title":{"rendered":"Prevenda: Pack \u00abQu\u00e8 s\u00f3n les Cultures Ib\u00e8riques\u00bb + \u00abEls teixits\u00bb"},"content":{"rendered":"<p>Pack d&#8217;introducci\u00f3 a les Cultures Ib\u00e8riques + Els Teixits.<\/p>\n","protected":false},"excerpt":{"rendered":"<p>Pack d&#8217;introducci\u00f3 a les Cultures Ib\u00e8riques + Els Teixits.<\/p>\n","protected":false},"featured_media":1114,"template":"","meta":{"_et_pb_use_builder":"","_et_pb_old_content":"","_et_gb_content_width":""},"product_brand":[],"product_cat":[77],"product_tag":[],"class_list":{"0":"post-1113","1":"product","2":"type-product","3":"status-publish","4":"has-post-thumbnail","6":"product_cat-caixes-del-temps","8":"first","9":"instock","10":"virtual","11":"purchasable","12":"product-type-simple"},"jetpack_sharing_enabled":true,"_links":{"self":[{"href":"https:\/\/aurart.org\/es\/wp-json\/wp\/v2\/product\/1113","targetHints":{"allow":["GET"]}}],"collection":[{"href":"https:\/\/aurart.org\/es\/wp-json\/wp\/v2\/product"}],"about":[{"href":"https:\/\/aurart.org\/es\/wp-json\/wp\/v2\/types\/product"}],"wp:featuredmedia":[{"embeddable":true,"href":"https:\/\/aurart.org\/es\/wp-json\/wp\/v2\/media\/1114"}],"wp:attachment":[{"href":"https:\/\/aurart.org\/es\/wp-json\/wp\/v2\/media?parent=1113"}],"wp:term":[{"taxonomy":"product_brand","embeddable":true,"href":"https:\/\/aurart.org\/es\/wp-json\/wp\/v2\/product_brand?post=1113"},{"taxonomy":"product_cat","embeddable":true,"href":"https:\/\/aurart.org\/es\/wp-json\/wp\/v2\/product_cat?post=1113"},{"taxonomy":"product_tag","embeddable":true,"href":"https:\/\/aurart.org\/es\/wp-json\/wp\/v2\/product_tag?post=1113"}],"curies":[{"name":"wp","href":"https:\/\/api.w.org\/{rel}","templated":true}]}}