{"id":1133,"date":"2026-03-23T20:16:53","date_gmt":"2026-03-23T19:16:53","guid":{"rendered":"https:\/\/aurart.org\/product\/visita-dinamizada-al-yacimiento-iberico-del-raco-de-rata-vilafames-18-de-abril\/"},"modified":"2026-03-23T20:16:53","modified_gmt":"2026-03-23T19:16:53","slug":"visita-dinamizada-al-yacimiento-iberico-del-raco-de-rata-vilafames-18-de-abril","status":"publish","type":"product","link":"https:\/\/aurart.org\/es\/producto\/visita-dinamizada-al-yacimiento-iberico-del-raco-de-rata-vilafames-18-de-abril\/","title":{"rendered":"Visita dinamizada al yacimiento ib\u00e9rico del Rac\u00f3 de Rata (Vilafam\u00e9s) &#8211; 18 de abril"},"content":{"rendered":"<p>Visita este yacimiento de \u00e9poca ib\u00e9rica con Bagarok y Nisunin, sus \u00faltimos habitantes. Esta es una visita dinamizada que, a trav\u00e9s de la recreaci\u00f3n hist\u00f3rica, te acercar\u00e1 a la vida de los pobladores de estas tierras hace m\u00e1s de 2.000 a\u00f1os. Descubre a los Ilercavones con todos los sentidos. <\/p>\n","protected":false},"excerpt":{"rendered":"<p>Visita este yacimiento de \u00e9poca ib\u00e9rica con Bagarok y Nisunin, sus \u00faltimos habitantes. Esta es una visita dinamizada que, a trav\u00e9s de la recreaci\u00f3n hist\u00f3rica, te acercar\u00e1 a la vida de los pobladores de estas tierras hace m\u00e1s de 2.000 a\u00f1os. Descubre a los Ilercavones con todos los sentidos.<\/p>\n","protected":false},"featured_media":1126,"template":"","meta":{"_et_pb_use_builder":"","_et_pb_old_content":"","_et_gb_content_width":""},"product_brand":[],"product_cat":[78],"product_tag":[],"class_list":{"0":"post-1133","1":"product","2":"type-product","3":"status-publish","4":"has-post-thumbnail","6":"product_cat-visitas-dinamizadas","8":"first","9":"instock","10":"virtual","11":"purchasable","12":"product-type-simple"},"jetpack_sharing_enabled":true,"_links":{"self":[{"href":"https:\/\/aurart.org\/es\/wp-json\/wp\/v2\/product\/1133","targetHints":{"allow":["GET"]}}],"collection":[{"href":"https:\/\/aurart.org\/es\/wp-json\/wp\/v2\/product"}],"about":[{"href":"https:\/\/aurart.org\/es\/wp-json\/wp\/v2\/types\/product"}],"wp:featuredmedia":[{"embeddable":true,"href":"https:\/\/aurart.org\/es\/wp-json\/wp\/v2\/media\/1126"}],"wp:attachment":[{"href":"https:\/\/aurart.org\/es\/wp-json\/wp\/v2\/media?parent=1133"}],"wp:term":[{"taxonomy":"product_brand","embeddable":true,"href":"https:\/\/aurart.org\/es\/wp-json\/wp\/v2\/product_brand?post=1133"},{"taxonomy":"product_cat","embeddable":true,"href":"https:\/\/aurart.org\/es\/wp-json\/wp\/v2\/product_cat?post=1133"},{"taxonomy":"product_tag","embeddable":true,"href":"https:\/\/aurart.org\/es\/wp-json\/wp\/v2\/product_tag?post=1133"}],"curies":[{"name":"wp","href":"https:\/\/api.w.org\/{rel}","templated":true}]}}