{"id":1186,"date":"2026-04-22T19:15:54","date_gmt":"2026-04-22T17:15:54","guid":{"rendered":"https:\/\/aurart.org\/?post_type=product&#038;p=1186"},"modified":"2026-04-22T19:37:40","modified_gmt":"2026-04-22T17:37:40","slug":"taller-fem-pa-en-forn-de-llenya-a-sabers-antics-a-largilaga","status":"publish","type":"product","link":"https:\/\/aurart.org\/es\/producto\/taller-fem-pa-en-forn-de-llenya-a-sabers-antics-a-largilaga\/","title":{"rendered":"Taller: Fem pa en forn de llenya. A Sabers Antics a l&#8217;Argilaga &#8211; 2 de maig &#8211; 13:00 h"},"content":{"rendered":"<p>Taller familiar sobre l&#8217;elaboraci\u00f3 del pa a l&#8217;Antiguitat. Preparaci\u00f3 i cocci\u00f3 del nostre pa. TOTES LES EDATS.<\/p>\n","protected":false},"excerpt":{"rendered":"<p>Taller familiar sobre l&#8217;elaboraci\u00f3 del pa a l&#8217;Antiguitat. Preparaci\u00f3 i cocci\u00f3 del nostre pa. TOTES LES EDATS.<\/p>\n","protected":false},"featured_media":1187,"template":"","meta":{"_et_pb_use_builder":"","_et_pb_old_content":"","_et_gb_content_width":""},"product_brand":[],"product_cat":[76],"product_tag":[],"class_list":{"0":"post-1186","1":"product","2":"type-product","3":"status-publish","4":"has-post-thumbnail","6":"product_cat-tallers-didactics","8":"first","9":"instock","10":"virtual","11":"purchasable","12":"product-type-simple"},"jetpack_sharing_enabled":true,"_links":{"self":[{"href":"https:\/\/aurart.org\/es\/wp-json\/wp\/v2\/product\/1186","targetHints":{"allow":["GET"]}}],"collection":[{"href":"https:\/\/aurart.org\/es\/wp-json\/wp\/v2\/product"}],"about":[{"href":"https:\/\/aurart.org\/es\/wp-json\/wp\/v2\/types\/product"}],"wp:featuredmedia":[{"embeddable":true,"href":"https:\/\/aurart.org\/es\/wp-json\/wp\/v2\/media\/1187"}],"wp:attachment":[{"href":"https:\/\/aurart.org\/es\/wp-json\/wp\/v2\/media?parent=1186"}],"wp:term":[{"taxonomy":"product_brand","embeddable":true,"href":"https:\/\/aurart.org\/es\/wp-json\/wp\/v2\/product_brand?post=1186"},{"taxonomy":"product_cat","embeddable":true,"href":"https:\/\/aurart.org\/es\/wp-json\/wp\/v2\/product_cat?post=1186"},{"taxonomy":"product_tag","embeddable":true,"href":"https:\/\/aurart.org\/es\/wp-json\/wp\/v2\/product_tag?post=1186"}],"curies":[{"name":"wp","href":"https:\/\/api.w.org\/{rel}","templated":true}]}}