{"id":1189,"date":"2026-04-22T19:24:08","date_gmt":"2026-04-22T17:24:08","guid":{"rendered":"https:\/\/aurart.org\/?post_type=product&#038;p=1189"},"modified":"2026-04-22T19:24:08","modified_gmt":"2026-04-22T17:24:08","slug":"taller-cosmetics-i-unguentaris-a-lantiguitat-fes-el-teu-unguent-a-sabers-antics-a-largilaga-2-de-maig-1200-h","status":"publish","type":"product","link":"https:\/\/aurart.org\/es\/producto\/taller-cosmetics-i-unguentaris-a-lantiguitat-fes-el-teu-unguent-a-sabers-antics-a-largilaga-2-de-maig-1200-h\/","title":{"rendered":"Taller: Cosm\u00e8tics i ung\u00fcentaris a l&#8217;Antiguitat. Fes el teu ung\u00fcent. A Sabers Antics a l&#8217;Argilaga &#8211; 2 de maig &#8211; 12:00 h"},"content":{"rendered":"<p>Taller sobre cosm\u00e8tica a l&#8217;Antiguitat on crear\u00e0s el teu propi ung\u00fcent amb productes documentats a l&#8217;Edat del Ferro. A PARTIR DE 10 ANYS I ADULTS.<\/p>\n<p>&nbsp;<\/p>\n","protected":false},"excerpt":{"rendered":"<p>Taller sobre cosm\u00e8tica a l&#8217;Antiguitat on crear\u00e0s el teu propi ung\u00fcent amb productes documentats a l&#8217;Edat del Ferro. A PARTIR DE 10 ANYS I ADULTS. &nbsp;<\/p>\n","protected":false},"featured_media":1190,"template":"","meta":{"_et_pb_use_builder":"","_et_pb_old_content":"","_et_gb_content_width":""},"product_brand":[],"product_cat":[76],"product_tag":[],"class_list":{"0":"post-1189","1":"product","2":"type-product","3":"status-publish","4":"has-post-thumbnail","6":"product_cat-tallers-didactics","8":"first","9":"instock","10":"virtual","11":"purchasable","12":"product-type-simple"},"jetpack_sharing_enabled":true,"_links":{"self":[{"href":"https:\/\/aurart.org\/es\/wp-json\/wp\/v2\/product\/1189","targetHints":{"allow":["GET"]}}],"collection":[{"href":"https:\/\/aurart.org\/es\/wp-json\/wp\/v2\/product"}],"about":[{"href":"https:\/\/aurart.org\/es\/wp-json\/wp\/v2\/types\/product"}],"wp:featuredmedia":[{"embeddable":true,"href":"https:\/\/aurart.org\/es\/wp-json\/wp\/v2\/media\/1190"}],"wp:attachment":[{"href":"https:\/\/aurart.org\/es\/wp-json\/wp\/v2\/media?parent=1189"}],"wp:term":[{"taxonomy":"product_brand","embeddable":true,"href":"https:\/\/aurart.org\/es\/wp-json\/wp\/v2\/product_brand?post=1189"},{"taxonomy":"product_cat","embeddable":true,"href":"https:\/\/aurart.org\/es\/wp-json\/wp\/v2\/product_cat?post=1189"},{"taxonomy":"product_tag","embeddable":true,"href":"https:\/\/aurart.org\/es\/wp-json\/wp\/v2\/product_tag?post=1189"}],"curies":[{"name":"wp","href":"https:\/\/api.w.org\/{rel}","templated":true}]}}