{"id":1192,"date":"2026-04-22T19:29:16","date_gmt":"2026-04-22T17:29:16","guid":{"rendered":"https:\/\/aurart.org\/?post_type=product&#038;p=1192"},"modified":"2026-04-22T19:29:16","modified_gmt":"2026-04-22T17:29:16","slug":"passa-el-dia-amb-nosaltres-a-largilaga-sabers-antics-a-largilaga-2-de-maig","status":"publish","type":"product","link":"https:\/\/aurart.org\/es\/producto\/passa-el-dia-amb-nosaltres-a-largilaga-sabers-antics-a-largilaga-2-de-maig\/","title":{"rendered":"Passa el dia amb nosaltres a l&#8217;Argilaga &#8211; Sabers Antics a l&#8217;Argilaga &#8211; 2 de maig"},"content":{"rendered":"<p>Comparteix amb nosaltres aquesta jornada de recreaci\u00f3 hist\u00f2rica, sabers i m\u00fasica.<\/p>\n<ul>\n<li>Servei de barra de begudes<\/li>\n<li>Visita la nostra casa experimental de l&#8217;Edat del Ferro<\/li>\n<li>Pots portar el dinar fet o per a torrar<\/li>\n<\/ul>\n","protected":false},"excerpt":{"rendered":"<p>Comparteix amb nosaltres aquesta jornada de recreaci\u00f3 hist\u00f2rica, sabers i m\u00fasica. Servei de barra de begudes Visita la nostra casa experimental de l&#8217;Edat del Ferro Pots portar el dinar fet o per a torrar<\/p>\n","protected":false},"featured_media":1193,"template":"","meta":{"_et_pb_use_builder":"","_et_pb_old_content":"","_et_gb_content_width":""},"product_brand":[],"product_cat":[75],"product_tag":[],"class_list":{"0":"post-1192","1":"product","2":"type-product","3":"status-publish","4":"has-post-thumbnail","6":"product_cat-recreacio-historica","8":"first","9":"instock","10":"virtual","11":"purchasable","12":"product-type-simple"},"jetpack_sharing_enabled":true,"_links":{"self":[{"href":"https:\/\/aurart.org\/es\/wp-json\/wp\/v2\/product\/1192","targetHints":{"allow":["GET"]}}],"collection":[{"href":"https:\/\/aurart.org\/es\/wp-json\/wp\/v2\/product"}],"about":[{"href":"https:\/\/aurart.org\/es\/wp-json\/wp\/v2\/types\/product"}],"wp:featuredmedia":[{"embeddable":true,"href":"https:\/\/aurart.org\/es\/wp-json\/wp\/v2\/media\/1193"}],"wp:attachment":[{"href":"https:\/\/aurart.org\/es\/wp-json\/wp\/v2\/media?parent=1192"}],"wp:term":[{"taxonomy":"product_brand","embeddable":true,"href":"https:\/\/aurart.org\/es\/wp-json\/wp\/v2\/product_brand?post=1192"},{"taxonomy":"product_cat","embeddable":true,"href":"https:\/\/aurart.org\/es\/wp-json\/wp\/v2\/product_cat?post=1192"},{"taxonomy":"product_tag","embeddable":true,"href":"https:\/\/aurart.org\/es\/wp-json\/wp\/v2\/product_tag?post=1192"}],"curies":[{"name":"wp","href":"https:\/\/api.w.org\/{rel}","templated":true}]}}